{"id":192,"date":"2024-10-29T21:40:31","date_gmt":"2024-10-29T21:40:31","guid":{"rendered":"https:\/\/djmixsm.com.br\/djallan\/?page_id=192"},"modified":"2024-10-30T00:33:08","modified_gmt":"2024-10-30T00:33:08","slug":"equipamentos","status":"publish","type":"page","link":"https:\/\/djmixsm.com.br\/djallan\/equipamentos\/","title":{"rendered":"Equipamentos"},"content":{"rendered":"\t\t<div data-elementor-type=\"wp-page\" data-elementor-id=\"192\" class=\"elementor elementor-192\" data-elementor-post-type=\"page\">\n\t\t\t\t<div class=\"elementor-element elementor-element-d20b761 e-flex e-con-boxed e-con e-parent\" data-id=\"d20b761\" data-element_type=\"container\" data-settings=\"{&quot;background_background&quot;:&quot;classic&quot;}\">\n\t\t\t\t\t<div class=\"e-con-inner\">\n\t\t\t\t<div class=\"elementor-element elementor-element-74b2062 elementor-widget elementor-widget-heading\" data-id=\"74b2062\" data-element_type=\"widget\" data-widget_type=\"heading.default\">\n\t\t\t\t<div class=\"elementor-widget-container\">\n\t\t\t\t\t<h2 class=\"elementor-heading-title elementor-size-default\">CONTROLADORAS E CDJ<\/h2>\t\t\t\t<\/div>\n\t\t\t\t<\/div>\n\t\t\t\t\t<\/div>\n\t\t\t\t<\/div>\n\t\t<div class=\"elementor-element elementor-element-f3ecc78 e-flex e-con-boxed e-con e-parent\" data-id=\"f3ecc78\" data-element_type=\"container\" data-settings=\"{&quot;background_background&quot;:&quot;classic&quot;}\">\n\t\t\t\t\t<div class=\"e-con-inner\">\n\t\t\t\t<div class=\"elementor-element elementor-element-c55634e elementor-widget elementor-widget-text-editor\" data-id=\"c55634e\" data-element_type=\"widget\" data-widget_type=\"text-editor.default\">\n\t\t\t\t<div class=\"elementor-widget-container\">\n\t\t\t\t\t\t\t\t\t<p>Trabalhamo com equipamentos de alta qualidade para garantir a melhor experi\u00eancia sonora e visual nos eventos. Meus equipamentos contam com controladoras e CDJs de prefer\u00eancia do que o cliente necessita, mixers profissionais para transi\u00e7\u00f5es suaves e fones de ouvido de precis\u00e3o, garantindo qualidade de som e controle absoluto em cada detalhe.\u00a0<\/p>\t\t\t\t\t\t\t\t<\/div>\n\t\t\t\t<\/div>\n\t\t\t\t<div class=\"elementor-element elementor-element-58f7fa2 elementor-widget elementor-widget-heading\" data-id=\"58f7fa2\" data-element_type=\"widget\" data-widget_type=\"heading.default\">\n\t\t\t\t<div class=\"elementor-widget-container\">\n\t\t\t\t\t<h2 class=\"elementor-heading-title elementor-size-default\">SOFTWARE E NOTEBOOK<\/h2>\t\t\t\t<\/div>\n\t\t\t\t<\/div>\n\t\t\t\t<div class=\"elementor-element elementor-element-870d000 elementor-widget elementor-widget-text-editor\" data-id=\"870d000\" data-element_type=\"widget\" data-widget_type=\"text-editor.default\">\n\t\t\t\t<div class=\"elementor-widget-container\">\n\t\t\t\t\t\t\t\t\t<p>Utilizo softwares de DJ como VIRTUAL DJ e SERATO l\u00edderes de mercado, proporcionando recursos avan\u00e7ados e mixagens perfeitas, al\u00e9m de monitores de \u00e1udio que garantem clareza de som. Nossa estrutura ainda inclui sistemas de ilumina\u00e7\u00e3o e efeitos visuais que transformam qualquer ambiente, criando uma experi\u00eancia completa e envolvente para os convidados.<\/p>\t\t\t\t\t\t\t\t<\/div>\n\t\t\t\t<\/div>\n\t\t\t\t<div class=\"elementor-element elementor-element-0d50a1a elementor-widget elementor-widget-heading\" data-id=\"0d50a1a\" data-element_type=\"widget\" data-widget_type=\"heading.default\">\n\t\t\t\t<div class=\"elementor-widget-container\">\n\t\t\t\t\t<h2 class=\"elementor-heading-title elementor-size-default\">CABOS<\/h2>\t\t\t\t<\/div>\n\t\t\t\t<\/div>\n\t\t\t\t\t<\/div>\n\t\t\t\t<\/div>\n\t\t<div class=\"elementor-element elementor-element-3e7b230 e-flex e-con-boxed e-con e-parent\" data-id=\"3e7b230\" data-element_type=\"container\" data-settings=\"{&quot;background_background&quot;:&quot;classic&quot;}\">\n\t\t\t\t\t<div class=\"e-con-inner\">\n\t\t\t\t<div class=\"elementor-element elementor-element-42dcf8e elementor-widget elementor-widget-text-editor\" data-id=\"42dcf8e\" data-element_type=\"widget\" data-widget_type=\"text-editor.default\">\n\t\t\t\t<div class=\"elementor-widget-container\">\n\t\t\t\t\t\t\t\t\t<p>Possuo equipamentos equipados com uma ampla variedade de cabos profissionais para assegurar a melhor conectividade e qualidade sonora em nossas apresenta\u00e7\u00f5es. Entre os principais, temos:<\/p><ul><li><strong>Cabos RCA<\/strong>: Para conectar mixers e CDJs com excelente fidelidade de som.<\/li><li><strong>Cabos XLR<\/strong>: Utilizados em microfones e sistemas de \u00e1udio, proporcionando conex\u00f5es balanceadas e minimizando ru\u00eddos em setups maiores.<\/li><li><strong>Cabos TRS (1\/4&#8243;)<\/strong>: Conex\u00f5es vers\u00e1teis para fones de ouvido e equipamentos de \u00e1udio com uma qualidade de som superior.<\/li><li><strong>Cabos USB<\/strong>: Para integra\u00e7\u00e3o com softwares de DJ e controladoras, facilitando a troca de faixas e mantendo uma resposta r\u00e1pida entre dispositivos.<\/li><li><strong>Cabos de Alimenta\u00e7\u00e3o<\/strong>: Espec\u00edficos para cada equipamento, garantindo que a energia seja est\u00e1vel durante toda a performance.<\/li><li><strong>Adaptadores e Conectores<\/strong>: Adaptadores P2 para P10, RCA para XLR e outros, assegurando compatibilidade entre os diferentes equipamentos.<\/li><\/ul><p>Todos os nossos cabos s\u00e3o cuidadosamente selecionados para oferecer confiabilidade e desempenho, garantindo que cada detalhe sonoro seja entregue com a m\u00e1xima qualidade.<\/p>\t\t\t\t\t\t\t\t<\/div>\n\t\t\t\t<\/div>\n\t\t\t\t\t<\/div>\n\t\t\t\t<\/div>\n\t\t<div class=\"elementor-element elementor-element-da12882 e-flex e-con-boxed e-con e-parent\" data-id=\"da12882\" data-element_type=\"container\" data-settings=\"{&quot;background_background&quot;:&quot;classic&quot;}\">\n\t\t\t\t\t<div class=\"e-con-inner\">\n\t\t<div class=\"elementor-element elementor-element-b77c552 e-con-full e-flex e-con e-child\" data-id=\"b77c552\" data-element_type=\"container\">\n\t\t\t\t<div class=\"elementor-element elementor-element-1838560 elementor-widget elementor-widget-heading\" data-id=\"1838560\" data-element_type=\"widget\" data-widget_type=\"heading.default\">\n\t\t\t\t<div class=\"elementor-widget-container\">\n\t\t\t\t\t<h2 class=\"elementor-heading-title elementor-size-default\">Outros equipamentos que possuo s\u00e3o:\n<\/h2>\t\t\t\t<\/div>\n\t\t\t\t<\/div>\n\t\t\t\t<\/div>\n\t\t\t\t\t<\/div>\n\t\t\t\t<\/div>\n\t\t<div class=\"elementor-element elementor-element-c840783 e-flex e-con-boxed e-con e-parent\" data-id=\"c840783\" data-element_type=\"container\" data-settings=\"{&quot;background_background&quot;:&quot;classic&quot;}\">\n\t\t\t\t\t<div class=\"e-con-inner\">\n\t\t<div class=\"elementor-element elementor-element-9f911ab e-con-full e-flex e-con e-child\" data-id=\"9f911ab\" data-element_type=\"container\">\n\t\t\t\t<div class=\"elementor-element elementor-element-2eff2f7 elementor-widget elementor-widget-text-editor\" data-id=\"2eff2f7\" data-element_type=\"widget\" data-widget_type=\"text-editor.default\">\n\t\t\t\t<div class=\"elementor-widget-container\">\n\t\t\t\t\t\t\t\t\t<ul><li>Microfone<\/li><li>Fone<\/li><li>Maquina de Fuma\u00e7a<\/li><li>Caixa de Som<\/li><li>Mesa<\/li><li>Ilumina\u00e7\u00e3o<\/li><\/ul>\t\t\t\t\t\t\t\t<\/div>\n\t\t\t\t<\/div>\n\t\t\t\t<\/div>\n\t\t\t\t\t<\/div>\n\t\t\t\t<\/div>\n\t\t\t\t<\/div>\n\t\t","protected":false},"excerpt":{"rendered":"<p>CONTROLADORAS E CDJ Trabalhamo com equipamentos de alta qualidade para garantir a melhor experi\u00eancia sonora e visual nos eventos. Meus [&hellip;]<\/p>\n","protected":false},"author":1,"featured_media":0,"parent":0,"menu_order":0,"comment_status":"closed","ping_status":"closed","template":"","meta":{"site-sidebar-layout":"no-sidebar","site-content-layout":"","ast-site-content-layout":"full-width-container","site-content-style":"default","site-sidebar-style":"default","ast-global-header-display":"","ast-banner-title-visibility":"","ast-main-header-display":"","ast-hfb-above-header-display":"","ast-hfb-below-header-display":"","ast-hfb-mobile-header-display":"","site-post-title":"disabled","ast-breadcrumbs-content":"","ast-featured-img":"disabled","footer-sml-layout":"","theme-transparent-header-meta":"","adv-header-id-meta":"","stick-header-meta":"","header-above-stick-meta":"","header-main-stick-meta":"","header-below-stick-meta":"","astra-migrate-meta-layouts":"default","ast-page-background-enabled":"default","ast-page-background-meta":{"desktop":{"background-color":"var(--ast-global-color-4)","background-image":"","background-repeat":"repeat","background-position":"center center","background-size":"auto","background-attachment":"scroll","background-type":"","background-media":"","overlay-type":"","overlay-color":"","overlay-opacity":"","overlay-gradient":""},"tablet":{"background-color":"","background-image":"","background-repeat":"repeat","background-position":"center center","background-size":"auto","background-attachment":"scroll","background-type":"","background-media":"","overlay-type":"","overlay-color":"","overlay-opacity":"","overlay-gradient":""},"mobile":{"background-color":"","background-image":"","background-repeat":"repeat","background-position":"center center","background-size":"auto","background-attachment":"scroll","background-type":"","background-media":"","overlay-type":"","overlay-color":"","overlay-opacity":"","overlay-gradient":""}},"ast-content-background-meta":{"desktop":{"background-color":"var(--ast-global-color-5)","background-image":"","background-repeat":"repeat","background-position":"center center","background-size":"auto","background-attachment":"scroll","background-type":"","background-media":"","overlay-type":"","overlay-color":"","overlay-opacity":"","overlay-gradient":""},"tablet":{"background-color":"var(--ast-global-color-5)","background-image":"","background-repeat":"repeat","background-position":"center center","background-size":"auto","background-attachment":"scroll","background-type":"","background-media":"","overlay-type":"","overlay-color":"","overlay-opacity":"","overlay-gradient":""},"mobile":{"background-color":"var(--ast-global-color-5)","background-image":"","background-repeat":"repeat","background-position":"center center","background-size":"auto","background-attachment":"scroll","background-type":"","background-media":"","overlay-type":"","overlay-color":"","overlay-opacity":"","overlay-gradient":""}},"_joinchat":[],"footnotes":"","_links_to":"","_links_to_target":""},"class_list":["post-192","page","type-page","status-publish","hentry"],"yoast_head":"<!-- This site is optimized with the Yoast SEO Premium plugin v23.4 (Yoast SEO v23.4) - https:\/\/yoast.com\/wordpress\/plugins\/seo\/ -->\n<title>Equipamentos -<\/title>\n<meta name=\"robots\" content=\"index, follow, max-snippet:-1, max-image-preview:large, max-video-preview:-1\" \/>\n<link rel=\"canonical\" href=\"https:\/\/djmixsm.com.br\/djallan\/equipamentos\/\" \/>\n<meta property=\"og:locale\" content=\"pt_BR\" \/>\n<meta property=\"og:type\" content=\"article\" \/>\n<meta property=\"og:title\" content=\"Equipamentos\" \/>\n<meta property=\"og:description\" content=\"CONTROLADORAS E CDJ Trabalhamo com equipamentos de alta qualidade para garantir a melhor experi\u00eancia sonora e visual nos eventos. Meus [&hellip;]\" \/>\n<meta property=\"og:url\" content=\"https:\/\/djmixsm.com.br\/djallan\/equipamentos\/\" \/>\n<meta property=\"article:modified_time\" content=\"2024-10-30T00:33:08+00:00\" \/>\n<meta name=\"twitter:card\" content=\"summary_large_image\" \/>\n<meta name=\"twitter:label1\" content=\"Est. tempo de leitura\" \/>\n\t<meta name=\"twitter:data1\" content=\"2 minutos\" \/>\n<script type=\"application\/ld+json\" class=\"yoast-schema-graph\">{\"@context\":\"https:\/\/schema.org\",\"@graph\":[{\"@type\":\"WebPage\",\"@id\":\"https:\/\/djmixsm.com.br\/djallan\/equipamentos\/\",\"url\":\"https:\/\/djmixsm.com.br\/djallan\/equipamentos\/\",\"name\":\"Equipamentos -\",\"isPartOf\":{\"@id\":\"https:\/\/djmixsm.com.br\/djallan\/#website\"},\"datePublished\":\"2024-10-29T21:40:31+00:00\",\"dateModified\":\"2024-10-30T00:33:08+00:00\",\"breadcrumb\":{\"@id\":\"https:\/\/djmixsm.com.br\/djallan\/equipamentos\/#breadcrumb\"},\"inLanguage\":\"pt-BR\",\"potentialAction\":[{\"@type\":\"ReadAction\",\"target\":[\"https:\/\/djmixsm.com.br\/djallan\/equipamentos\/\"]}]},{\"@type\":\"BreadcrumbList\",\"@id\":\"https:\/\/djmixsm.com.br\/djallan\/equipamentos\/#breadcrumb\",\"itemListElement\":[{\"@type\":\"ListItem\",\"position\":1,\"name\":\"In\u00edcio\",\"item\":\"https:\/\/djmixsm.com.br\/djallan\/\"},{\"@type\":\"ListItem\",\"position\":2,\"name\":\"Equipamentos\"}]},{\"@type\":\"WebSite\",\"@id\":\"https:\/\/djmixsm.com.br\/djallan\/#website\",\"url\":\"https:\/\/djmixsm.com.br\/djallan\/\",\"name\":\"\",\"description\":\"\",\"potentialAction\":[{\"@type\":\"SearchAction\",\"target\":{\"@type\":\"EntryPoint\",\"urlTemplate\":\"https:\/\/djmixsm.com.br\/djallan\/?s={search_term_string}\"},\"query-input\":{\"@type\":\"PropertyValueSpecification\",\"valueRequired\":true,\"valueName\":\"search_term_string\"}}],\"inLanguage\":\"pt-BR\"}]}<\/script>\n<!-- \/ Yoast SEO Premium plugin. -->","yoast_head_json":{"title":"Equipamentos -","robots":{"index":"index","follow":"follow","max-snippet":"max-snippet:-1","max-image-preview":"max-image-preview:large","max-video-preview":"max-video-preview:-1"},"canonical":"https:\/\/djmixsm.com.br\/djallan\/equipamentos\/","og_locale":"pt_BR","og_type":"article","og_title":"Equipamentos","og_description":"CONTROLADORAS E CDJ Trabalhamo com equipamentos de alta qualidade para garantir a melhor experi\u00eancia sonora e visual nos eventos. Meus [&hellip;]","og_url":"https:\/\/djmixsm.com.br\/djallan\/equipamentos\/","article_modified_time":"2024-10-30T00:33:08+00:00","twitter_card":"summary_large_image","twitter_misc":{"Est. tempo de leitura":"2 minutos"},"schema":{"@context":"https:\/\/schema.org","@graph":[{"@type":"WebPage","@id":"https:\/\/djmixsm.com.br\/djallan\/equipamentos\/","url":"https:\/\/djmixsm.com.br\/djallan\/equipamentos\/","name":"Equipamentos -","isPartOf":{"@id":"https:\/\/djmixsm.com.br\/djallan\/#website"},"datePublished":"2024-10-29T21:40:31+00:00","dateModified":"2024-10-30T00:33:08+00:00","breadcrumb":{"@id":"https:\/\/djmixsm.com.br\/djallan\/equipamentos\/#breadcrumb"},"inLanguage":"pt-BR","potentialAction":[{"@type":"ReadAction","target":["https:\/\/djmixsm.com.br\/djallan\/equipamentos\/"]}]},{"@type":"BreadcrumbList","@id":"https:\/\/djmixsm.com.br\/djallan\/equipamentos\/#breadcrumb","itemListElement":[{"@type":"ListItem","position":1,"name":"In\u00edcio","item":"https:\/\/djmixsm.com.br\/djallan\/"},{"@type":"ListItem","position":2,"name":"Equipamentos"}]},{"@type":"WebSite","@id":"https:\/\/djmixsm.com.br\/djallan\/#website","url":"https:\/\/djmixsm.com.br\/djallan\/","name":"","description":"","potentialAction":[{"@type":"SearchAction","target":{"@type":"EntryPoint","urlTemplate":"https:\/\/djmixsm.com.br\/djallan\/?s={search_term_string}"},"query-input":{"@type":"PropertyValueSpecification","valueRequired":true,"valueName":"search_term_string"}}],"inLanguage":"pt-BR"}]}},"_links":{"self":[{"href":"https:\/\/djmixsm.com.br\/djallan\/wp-json\/wp\/v2\/pages\/192","targetHints":{"allow":["GET"]}}],"collection":[{"href":"https:\/\/djmixsm.com.br\/djallan\/wp-json\/wp\/v2\/pages"}],"about":[{"href":"https:\/\/djmixsm.com.br\/djallan\/wp-json\/wp\/v2\/types\/page"}],"author":[{"embeddable":true,"href":"https:\/\/djmixsm.com.br\/djallan\/wp-json\/wp\/v2\/users\/1"}],"replies":[{"embeddable":true,"href":"https:\/\/djmixsm.com.br\/djallan\/wp-json\/wp\/v2\/comments?post=192"}],"version-history":[{"count":16,"href":"https:\/\/djmixsm.com.br\/djallan\/wp-json\/wp\/v2\/pages\/192\/revisions"}],"predecessor-version":[{"id":269,"href":"https:\/\/djmixsm.com.br\/djallan\/wp-json\/wp\/v2\/pages\/192\/revisions\/269"}],"wp:attachment":[{"href":"https:\/\/djmixsm.com.br\/djallan\/wp-json\/wp\/v2\/media?parent=192"}],"curies":[{"name":"wp","href":"https:\/\/api.w.org\/{rel}","templated":true}]}}